{"id":87806,"date":"2024-01-29T23:48:48","date_gmt":"2024-01-29T20:48:48","guid":{"rendered":"https:\/\/ukermedikal.com\/products\/oksijen-terapi-urunleri\/"},"modified":"2024-02-18T21:06:43","modified_gmt":"2024-02-18T18:06:43","slug":"oxygen-therapy","status":"publish","type":"page","link":"https:\/\/ukermedikal.com\/en\/products\/oxygen-therapy\/","title":{"rendered":"Oxygen Therapy"},"content":{"rendered":"\t\t<div data-elementor-type=\"wp-page\" data-elementor-id=\"87806\" class=\"elementor elementor-87806\" data-elementor-post-type=\"page\">\n\t\t\t\t\t\t<section class=\"elementor-section elementor-top-section elementor-element elementor-element-6a6bcc4 elementor-section-boxed elementor-section-height-default elementor-section-height-default\" data-id=\"6a6bcc4\" data-element_type=\"section\">\n\t\t\t\t\t\t<div class=\"elementor-container elementor-column-gap-wide\">\n\t\t\t\t\t<div class=\"elementor-column elementor-col-100 elementor-top-column elementor-element elementor-element-bea1540\" data-id=\"bea1540\" data-element_type=\"column\">\n\t\t\t<div class=\"elementor-widget-wrap elementor-element-populated\">\n\t\t\t\t\t\t<div class=\"elementor-element elementor-element-af2e18f elementor-hidden-desktop elementor-hidden-tablet elementor-hidden-mobile elementor-widget elementor-widget-the7-taxonomy-filter\" data-id=\"af2e18f\" data-element_type=\"widget\" data-widget_type=\"the7-taxonomy-filter.default\">\n\t\t\t\t<div class=\"elementor-widget-container\">\n\t\t\t<div class=\"filter-decorations without-isotope filter filter-pointer-underline filter-animation-fade\"><div class=\"filter-categories\"><a href=\"\/en\/wp-json\/wp\/v2\/pages\/87806\" class=\"show-all filter-item act\">All<\/a><a class=\"filter-item\" href=\"\/en\/wp-json\/wp\/v2\/pages\/87806?taxonomy=case_category&#038;term=anesthesia-and-intensive-care\" data-filter=\".category-268\">Anesthesia and Intensive Care<\/a><a class=\"filter-item\" href=\"\/en\/wp-json\/wp\/v2\/pages\/87806?taxonomy=case_category&#038;term=breathing-circuits\" data-filter=\".category-274\">Breathing Circuits<\/a><a class=\"filter-item\" href=\"\/en\/wp-json\/wp\/v2\/pages\/87806?taxonomy=case_category&#038;term=general-surgery\" data-filter=\".category-270\">General Surgery<\/a><a class=\"filter-item\" href=\"\/en\/wp-json\/wp\/v2\/pages\/87806?taxonomy=case_category&#038;term=ivf-consumables-equipment\" data-filter=\".category-285\">IVF Consumables &amp; Equipment<\/a><a class=\"filter-item\" href=\"\/en\/wp-json\/wp\/v2\/pages\/87806?taxonomy=case_category&#038;term=lymphological-bandages\" data-filter=\".category-271\">Lymphological Bandages<\/a><a class=\"filter-item\" href=\"\/en\/wp-json\/wp\/v2\/pages\/87806?taxonomy=case_category&#038;term=medical-home-care-products\" data-filter=\".category-281\">Medical Home Care Products<\/a><a class=\"filter-item\" href=\"\/en\/wp-json\/wp\/v2\/pages\/87806?taxonomy=case_category&#038;term=medical-sensors-cables-and-accessories\" data-filter=\".category-283\">Medical Sensors, Cables and Accessories<\/a><a class=\"filter-item\" href=\"\/en\/wp-json\/wp\/v2\/pages\/87806?taxonomy=case_category&#038;term=orthopedic-cast\" data-filter=\".category-273\">Orthopedic Cast<\/a><a class=\"filter-item\" href=\"\/en\/wp-json\/wp\/v2\/pages\/87806?taxonomy=case_category&#038;term=oxygen-therapy\" data-filter=\".category-272\">Oxygen Therapy<\/a><a class=\"filter-item\" href=\"\/en\/wp-json\/wp\/v2\/pages\/87806?taxonomy=case_category&#038;term=phlebological-bandages\" data-filter=\".category-269\">Phlebological Bandages<\/a><a class=\"filter-item\" href=\"\/en\/wp-json\/wp\/v2\/pages\/87806?taxonomy=case_category&#038;term=physical-therapy-products\" data-filter=\".category-279\">Physical Therapy Products<\/a><a class=\"filter-item\" href=\"\/en\/wp-json\/wp\/v2\/pages\/87806?taxonomy=case_category&#038;term=urology\" data-filter=\".category-275\">Urology<\/a><\/div><\/div>\t\t<\/div>\n\t\t\t\t<\/div>\n\t\t\t\t<div class=\"elementor-element elementor-element-b2ea3b4 image-vertical-align-center img-align-top icon-box-vertical-align-top preserve-img-ratio-cover slide-h-position-left elementor-widget elementor-widget-the7-elements-simple-posts\" data-id=\"b2ea3b4\" data-element_type=\"widget\" data-widget_type=\"the7-elements-simple-posts.default\">\n\t\t\t\t<div class=\"elementor-widget-container\">\n\t\t\t<div class=\"the7-simple-widget-posts the7-elementor-widget the7-elements-simple-posts-b2ea3b4 jquery-filter jquery-filter\" data-post-limit=\"15\" data-pagination-mode=\"load-more\" data-scroll-offset=\"\" aria-live=\"assertive\">\t\t\t<div class=\"dt-css-grid custom-pagination-handler\" data-columns=\"{&quot;d&quot;:3,&quot;t&quot;:2,&quot;p&quot;:1,&quot;wd&quot;:&quot;&quot;}\">\n\t\t\t\t\t\t\t\t\t<div class=\"wf-cell visible \">\n\t\t\t\t\t\t<article class=\"post visible wrapper post-87904 showcase type-showcase status-publish has-post-thumbnail hentry case_category-oxygen-therapy\">\n\n\t\t\t\t\t\t\t<div class=\"post-content-wrapper\">\n\t\t\t\t\t\t\t\t\t\t\t\t\t\t\t\t\t<div class=\"the7-simple-post-thumb\">\n\t\t\t\t\t\t\t\t\t\t<a class=\"post-thumbnail-rollover layzr-bg img-css-resize-wrapper\" aria-label=\"Post image\" href=\"https:\/\/ukermedikal.com\/en\/showcase\/easyrespiratory-high-concentration-oxygen-mask\/\"><img fetchpriority=\"high\" decoding=\"async\" width=\"1500\" height=\"1000\" src=\"data:image\/svg+xml,%3Csvg%20xmlns%3D&#039;http%3A%2F%2Fwww.w3.org%2F2000%2Fsvg&#039;%20viewBox%3D&#039;0%200%201500%201000&#039;%2F%3E\" class=\"attachment-full size-full preload-me aspect lazy lazy-load\" alt=\"\" sizes=\"(max-width: 1500px) 100vw, 1500px\" style=\"--ratio: 1500 \/ 1000;\" data-src=\"https:\/\/ukermedikal.com\/wp-content\/uploads\/2024\/01\/easyrespiratory-yuksek-konsantrasyonlu-oksijen-maskesi_1.jpg\" loading=\"eager\" data-srcset=\"https:\/\/ukermedikal.com\/wp-content\/uploads\/2024\/01\/easyrespiratory-yuksek-konsantrasyonlu-oksijen-maskesi_1.jpg 1500w, https:\/\/ukermedikal.com\/wp-content\/uploads\/2024\/01\/easyrespiratory-yuksek-konsantrasyonlu-oksijen-maskesi_1-300x200.jpg 300w, https:\/\/ukermedikal.com\/wp-content\/uploads\/2024\/01\/easyrespiratory-yuksek-konsantrasyonlu-oksijen-maskesi_1-1024x683.jpg 1024w, https:\/\/ukermedikal.com\/wp-content\/uploads\/2024\/01\/easyrespiratory-yuksek-konsantrasyonlu-oksijen-maskesi_1-768x512.jpg 768w\" \/><span class=\"the7-hover-icon\"><svg xmlns=\"http:\/\/www.w3.org\/2000\/svg\" viewBox=\"0 0 24 24\" width=\"24\" height=\"24\"><path fill=\"none\" d=\"M0 0h24v24H0z\"><\/path><path d=\"M5 10c-1.1 0-2 .9-2 2s.9 2 2 2 2-.9 2-2-.9-2-2-2zm14 0c-1.1 0-2 .9-2 2s.9 2 2 2 2-.9 2-2-.9-2-2-2zm-7 0c-1.1 0-2 .9-2 2s.9 2 2 2 2-.9 2-2-.9-2-2-2z\"><\/path><\/svg><\/span><\/a>\t\t\t\t\t\t\t\t\t<\/div>\n\t\t\t\t\t\t\t\t\t\t\t\t\t\t\t\t<div class=\"post-entry-content\">\n\t\t\t\t\t\t\t\t\t<h5 class=\"heading\"><a href=\"https:\/\/ukermedikal.com\/en\/showcase\/easyrespiratory-high-concentration-oxygen-mask\/\" rel=\"bookmark\" title=\"High Concentration Oxygen Mask\" class=\"post-title\">High Concentration Oxygen Mask<\/a><\/h5>\t\t\t\t\t\t\t\t<\/div>\n\t\t\t\t\t\t\t<\/div>\n\t\t\t\t\t\t<\/article>\n\t\t\t\t\t<\/div>\t\t\t\t\t\t\t\t\t\t<div class=\"wf-cell visible \">\n\t\t\t\t\t\t<article class=\"post visible wrapper post-87902 showcase type-showcase status-publish has-post-thumbnail hentry case_category-oxygen-therapy\">\n\n\t\t\t\t\t\t\t<div class=\"post-content-wrapper\">\n\t\t\t\t\t\t\t\t\t\t\t\t\t\t\t\t\t<div class=\"the7-simple-post-thumb\">\n\t\t\t\t\t\t\t\t\t\t<a class=\"post-thumbnail-rollover layzr-bg img-css-resize-wrapper\" aria-label=\"Post image\" href=\"https:\/\/ukermedikal.com\/en\/showcase\/easyrespiratory-oxygen-mask\/\"><img decoding=\"async\" width=\"1500\" height=\"1000\" src=\"data:image\/svg+xml,%3Csvg%20xmlns%3D&#039;http%3A%2F%2Fwww.w3.org%2F2000%2Fsvg&#039;%20viewBox%3D&#039;0%200%201500%201000&#039;%2F%3E\" class=\"attachment-full size-full preload-me aspect lazy lazy-load\" alt=\"\" sizes=\"(max-width: 1500px) 100vw, 1500px\" style=\"--ratio: 1500 \/ 1000;\" data-src=\"https:\/\/ukermedikal.com\/wp-content\/uploads\/2024\/01\/easyrespiratory-oksijen-maskesi.jpeg\" loading=\"eager\" data-srcset=\"https:\/\/ukermedikal.com\/wp-content\/uploads\/2024\/01\/easyrespiratory-oksijen-maskesi.jpeg 1500w, https:\/\/ukermedikal.com\/wp-content\/uploads\/2024\/01\/easyrespiratory-oksijen-maskesi-300x200.jpeg 300w, https:\/\/ukermedikal.com\/wp-content\/uploads\/2024\/01\/easyrespiratory-oksijen-maskesi-1024x683.jpeg 1024w, https:\/\/ukermedikal.com\/wp-content\/uploads\/2024\/01\/easyrespiratory-oksijen-maskesi-768x512.jpeg 768w\" \/><span class=\"the7-hover-icon\"><svg xmlns=\"http:\/\/www.w3.org\/2000\/svg\" viewBox=\"0 0 24 24\" width=\"24\" height=\"24\"><path fill=\"none\" d=\"M0 0h24v24H0z\"><\/path><path d=\"M5 10c-1.1 0-2 .9-2 2s.9 2 2 2 2-.9 2-2-.9-2-2-2zm14 0c-1.1 0-2 .9-2 2s.9 2 2 2 2-.9 2-2-.9-2-2-2zm-7 0c-1.1 0-2 .9-2 2s.9 2 2 2 2-.9 2-2-.9-2-2-2z\"><\/path><\/svg><\/span><\/a>\t\t\t\t\t\t\t\t\t<\/div>\n\t\t\t\t\t\t\t\t\t\t\t\t\t\t\t\t<div class=\"post-entry-content\">\n\t\t\t\t\t\t\t\t\t<h5 class=\"heading\"><a href=\"https:\/\/ukermedikal.com\/en\/showcase\/easyrespiratory-oxygen-mask\/\" rel=\"bookmark\" title=\"Oxygen Mask\" class=\"post-title\">Oxygen Mask<\/a><\/h5>\t\t\t\t\t\t\t\t<\/div>\n\t\t\t\t\t\t\t<\/div>\n\t\t\t\t\t\t<\/article>\n\t\t\t\t\t<\/div>\t\t\t\t\t\t\t\t\t\t<div class=\"wf-cell visible \">\n\t\t\t\t\t\t<article class=\"post visible wrapper post-87900 showcase type-showcase status-publish has-post-thumbnail hentry case_category-oxygen-therapy\">\n\n\t\t\t\t\t\t\t<div class=\"post-content-wrapper\">\n\t\t\t\t\t\t\t\t\t\t\t\t\t\t\t\t\t<div class=\"the7-simple-post-thumb\">\n\t\t\t\t\t\t\t\t\t\t<a class=\"post-thumbnail-rollover layzr-bg img-css-resize-wrapper\" aria-label=\"Post image\" href=\"https:\/\/ukermedikal.com\/en\/showcase\/easyrespiratory-nebulizer-mask\/\"><img decoding=\"async\" width=\"1500\" height=\"1000\" src=\"data:image\/svg+xml,%3Csvg%20xmlns%3D&#039;http%3A%2F%2Fwww.w3.org%2F2000%2Fsvg&#039;%20viewBox%3D&#039;0%200%201500%201000&#039;%2F%3E\" class=\"attachment-full size-full preload-me aspect lazy lazy-load\" alt=\"\" sizes=\"(max-width: 1500px) 100vw, 1500px\" style=\"--ratio: 1500 \/ 1000;\" data-src=\"https:\/\/ukermedikal.com\/wp-content\/uploads\/2024\/01\/easyrespiratory-nebulizator-maskesi_1.jpg\" loading=\"eager\" data-srcset=\"https:\/\/ukermedikal.com\/wp-content\/uploads\/2024\/01\/easyrespiratory-nebulizator-maskesi_1.jpg 1500w, https:\/\/ukermedikal.com\/wp-content\/uploads\/2024\/01\/easyrespiratory-nebulizator-maskesi_1-300x200.jpg 300w, https:\/\/ukermedikal.com\/wp-content\/uploads\/2024\/01\/easyrespiratory-nebulizator-maskesi_1-1024x683.jpg 1024w, https:\/\/ukermedikal.com\/wp-content\/uploads\/2024\/01\/easyrespiratory-nebulizator-maskesi_1-768x512.jpg 768w\" \/><span class=\"the7-hover-icon\"><svg xmlns=\"http:\/\/www.w3.org\/2000\/svg\" viewBox=\"0 0 24 24\" width=\"24\" height=\"24\"><path fill=\"none\" d=\"M0 0h24v24H0z\"><\/path><path d=\"M5 10c-1.1 0-2 .9-2 2s.9 2 2 2 2-.9 2-2-.9-2-2-2zm14 0c-1.1 0-2 .9-2 2s.9 2 2 2 2-.9 2-2-.9-2-2-2zm-7 0c-1.1 0-2 .9-2 2s.9 2 2 2 2-.9 2-2-.9-2-2-2z\"><\/path><\/svg><\/span><\/a>\t\t\t\t\t\t\t\t\t<\/div>\n\t\t\t\t\t\t\t\t\t\t\t\t\t\t\t\t<div class=\"post-entry-content\">\n\t\t\t\t\t\t\t\t\t<h5 class=\"heading\"><a href=\"https:\/\/ukermedikal.com\/en\/showcase\/easyrespiratory-nebulizer-mask\/\" rel=\"bookmark\" title=\"Nebulizer Mask\" class=\"post-title\">Nebulizer Mask<\/a><\/h5>\t\t\t\t\t\t\t\t<\/div>\n\t\t\t\t\t\t\t<\/div>\n\t\t\t\t\t\t<\/article>\n\t\t\t\t\t<\/div>\t\t\t\t\t\t\t\t\t\t<div class=\"wf-cell visible \">\n\t\t\t\t\t\t<article class=\"post visible wrapper post-87898 showcase type-showcase status-publish has-post-thumbnail hentry case_category-oxygen-therapy\">\n\n\t\t\t\t\t\t\t<div class=\"post-content-wrapper\">\n\t\t\t\t\t\t\t\t\t\t\t\t\t\t\t\t\t<div class=\"the7-simple-post-thumb\">\n\t\t\t\t\t\t\t\t\t\t<a class=\"post-thumbnail-rollover layzr-bg img-css-resize-wrapper\" aria-label=\"Post image\" href=\"https:\/\/ukermedikal.com\/en\/showcase\/easyrespiratory-nasal-oxygen-cannula\/\"><img decoding=\"async\" width=\"1500\" height=\"1000\" src=\"data:image\/svg+xml,%3Csvg%20xmlns%3D&#039;http%3A%2F%2Fwww.w3.org%2F2000%2Fsvg&#039;%20viewBox%3D&#039;0%200%201500%201000&#039;%2F%3E\" class=\"attachment-full size-full preload-me aspect lazy lazy-load\" alt=\"\" sizes=\"(max-width: 1500px) 100vw, 1500px\" style=\"--ratio: 1500 \/ 1000;\" data-src=\"https:\/\/ukermedikal.com\/wp-content\/uploads\/2024\/01\/easyrespiratory-nazal-oksijen-kanulu.jpg\" loading=\"eager\" data-srcset=\"https:\/\/ukermedikal.com\/wp-content\/uploads\/2024\/01\/easyrespiratory-nazal-oksijen-kanulu.jpg 1500w, https:\/\/ukermedikal.com\/wp-content\/uploads\/2024\/01\/easyrespiratory-nazal-oksijen-kanulu-300x200.jpg 300w, https:\/\/ukermedikal.com\/wp-content\/uploads\/2024\/01\/easyrespiratory-nazal-oksijen-kanulu-1024x683.jpg 1024w, https:\/\/ukermedikal.com\/wp-content\/uploads\/2024\/01\/easyrespiratory-nazal-oksijen-kanulu-768x512.jpg 768w\" \/><span class=\"the7-hover-icon\"><svg xmlns=\"http:\/\/www.w3.org\/2000\/svg\" viewBox=\"0 0 24 24\" width=\"24\" height=\"24\"><path fill=\"none\" d=\"M0 0h24v24H0z\"><\/path><path d=\"M5 10c-1.1 0-2 .9-2 2s.9 2 2 2 2-.9 2-2-.9-2-2-2zm14 0c-1.1 0-2 .9-2 2s.9 2 2 2 2-.9 2-2-.9-2-2-2zm-7 0c-1.1 0-2 .9-2 2s.9 2 2 2 2-.9 2-2-.9-2-2-2z\"><\/path><\/svg><\/span><\/a>\t\t\t\t\t\t\t\t\t<\/div>\n\t\t\t\t\t\t\t\t\t\t\t\t\t\t\t\t<div class=\"post-entry-content\">\n\t\t\t\t\t\t\t\t\t<h5 class=\"heading\"><a href=\"https:\/\/ukermedikal.com\/en\/showcase\/easyrespiratory-nasal-oxygen-cannula\/\" rel=\"bookmark\" title=\"Nasal Oxygen Cannula\" class=\"post-title\">Nasal Oxygen Cannula<\/a><\/h5>\t\t\t\t\t\t\t\t<\/div>\n\t\t\t\t\t\t\t<\/div>\n\t\t\t\t\t\t<\/article>\n\t\t\t\t\t<\/div>\t\t\t\t\t\t\t\t<\/div>\n\t\t<div class=\"paginator filter-decorations paginator-more-button filter-pointer-background\">\n\t\t\t\t<a class=\"button-load-more highlighted filter-item\" href=\"javascript:void(0);\" data-dt-page=\"1\" ><span class=\"button-caption\">Load more<\/span><\/a>\n\t\t\t<\/div><\/div>\t\t<\/div>\n\t\t\t\t<\/div>\n\t\t\t\t\t<\/div>\n\t\t<\/div>\n\t\t\t\t\t<\/div>\n\t\t<\/section>\n\t\t\t\t<\/div>\n\t\t","protected":false},"excerpt":{"rendered":"<p>AllAnestezi ve Yo\u011fun Bak\u0131mFlebolojik BandajlarGenel CerrahiLenfolojik BandajlarOksijen Terapi \u00dcr\u00fcnleriOrtopedik Al\u00e7\u0131larSolunum Devreleri\u00dcroloji Robo Seven Load more<\/p>\n","protected":false},"author":1,"featured_media":0,"parent":87740,"menu_order":0,"comment_status":"closed","ping_status":"closed","template":"","meta":{"footnotes":""},"class_list":["post-87806","page","type-page","status-publish","hentry"],"yoast_head":"<!-- This site is optimized with the Yoast SEO plugin v23.3 - https:\/\/yoast.com\/wordpress\/plugins\/seo\/ -->\n<title>Oxygen Therapy - \u00dcKER Medikal \u00d6zel Sa\u011fl\u0131k Hizmetleri<\/title>\n<meta name=\"robots\" content=\"index, follow, max-snippet:-1, max-image-preview:large, max-video-preview:-1\" \/>\n<link rel=\"canonical\" href=\"https:\/\/ukermedikal.com\/urunlerimiz\/oksijen-terapi-urunleri\/\" \/>\n<meta property=\"og:locale\" content=\"en_US\" \/>\n<meta property=\"og:type\" content=\"article\" \/>\n<meta property=\"og:title\" content=\"Oxygen Therapy - \u00dcKER Medikal \u00d6zel Sa\u011fl\u0131k Hizmetleri\" \/>\n<meta property=\"og:description\" content=\"AllAnestezi ve Yo\u011fun Bak\u0131mFlebolojik BandajlarGenel CerrahiLenfolojik BandajlarOksijen Terapi \u00dcr\u00fcnleriOrtopedik Al\u00e7\u0131larSolunum Devreleri\u00dcroloji Robo Seven Load more\" \/>\n<meta property=\"og:url\" content=\"https:\/\/ukermedikal.com\/urunlerimiz\/oksijen-terapi-urunleri\/\" \/>\n<meta property=\"og:site_name\" content=\"\u00dcKER Medikal \u00d6zel Sa\u011fl\u0131k Hizmetleri\" \/>\n<meta property=\"article:modified_time\" content=\"2024-02-18T18:06:43+00:00\" \/>\n<meta name=\"twitter:card\" content=\"summary_large_image\" \/>\n<script type=\"application\/ld+json\" class=\"yoast-schema-graph\">{\"@context\":\"https:\/\/schema.org\",\"@graph\":[{\"@type\":\"WebPage\",\"@id\":\"https:\/\/ukermedikal.com\/urunlerimiz\/oksijen-terapi-urunleri\/\",\"url\":\"https:\/\/ukermedikal.com\/urunlerimiz\/oksijen-terapi-urunleri\/\",\"name\":\"Oxygen Therapy - \u00dcKER Medikal \u00d6zel Sa\u011fl\u0131k Hizmetleri\",\"isPartOf\":{\"@id\":\"https:\/\/ukermedikal.com\/#website\"},\"datePublished\":\"2024-01-29T20:48:48+00:00\",\"dateModified\":\"2024-02-18T18:06:43+00:00\",\"breadcrumb\":{\"@id\":\"https:\/\/ukermedikal.com\/urunlerimiz\/oksijen-terapi-urunleri\/#breadcrumb\"},\"inLanguage\":\"en-US\",\"potentialAction\":[{\"@type\":\"ReadAction\",\"target\":[\"https:\/\/ukermedikal.com\/urunlerimiz\/oksijen-terapi-urunleri\/\"]}]},{\"@type\":\"BreadcrumbList\",\"@id\":\"https:\/\/ukermedikal.com\/urunlerimiz\/oksijen-terapi-urunleri\/#breadcrumb\",\"itemListElement\":[{\"@type\":\"ListItem\",\"position\":1,\"name\":\"Anasayfa\",\"item\":\"https:\/\/ukermedikal.com\/en\/\"},{\"@type\":\"ListItem\",\"position\":2,\"name\":\"Products\",\"item\":\"https:\/\/ukermedikal.com\/en\/products\/\"},{\"@type\":\"ListItem\",\"position\":3,\"name\":\"Oxygen Therapy\"}]},{\"@type\":\"WebSite\",\"@id\":\"https:\/\/ukermedikal.com\/#website\",\"url\":\"https:\/\/ukermedikal.com\/\",\"name\":\"\u00dcKER Medikal \u00d6zel Sa\u011fl\u0131k Hizmetleri\",\"description\":\"International Medical Company\",\"publisher\":{\"@id\":\"https:\/\/ukermedikal.com\/#organization\"},\"potentialAction\":[{\"@type\":\"SearchAction\",\"target\":{\"@type\":\"EntryPoint\",\"urlTemplate\":\"https:\/\/ukermedikal.com\/?s={search_term_string}\"},\"query-input\":\"required name=search_term_string\"}],\"inLanguage\":\"en-US\"},{\"@type\":\"Organization\",\"@id\":\"https:\/\/ukermedikal.com\/#organization\",\"name\":\"\u00dcKER Medikal \u00d6zel Sa\u011fl\u0131k Hizmetleri\",\"url\":\"https:\/\/ukermedikal.com\/\",\"logo\":{\"@type\":\"ImageObject\",\"inLanguage\":\"en-US\",\"@id\":\"https:\/\/ukermedikal.com\/#\/schema\/logo\/image\/\",\"url\":\"https:\/\/ukermedikal.com\/wp-content\/uploads\/2024\/01\/uker-medikal-logo.png\",\"contentUrl\":\"https:\/\/ukermedikal.com\/wp-content\/uploads\/2024\/01\/uker-medikal-logo.png\",\"width\":350,\"height\":100,\"caption\":\"\u00dcKER Medikal \u00d6zel Sa\u011fl\u0131k Hizmetleri\"},\"image\":{\"@id\":\"https:\/\/ukermedikal.com\/#\/schema\/logo\/image\/\"}}]}<\/script>\n<!-- \/ Yoast SEO plugin. -->","yoast_head_json":{"title":"Oxygen Therapy - \u00dcKER Medikal \u00d6zel Sa\u011fl\u0131k Hizmetleri","robots":{"index":"index","follow":"follow","max-snippet":"max-snippet:-1","max-image-preview":"max-image-preview:large","max-video-preview":"max-video-preview:-1"},"canonical":"https:\/\/ukermedikal.com\/urunlerimiz\/oksijen-terapi-urunleri\/","og_locale":"en_US","og_type":"article","og_title":"Oxygen Therapy - \u00dcKER Medikal \u00d6zel Sa\u011fl\u0131k Hizmetleri","og_description":"AllAnestezi ve Yo\u011fun Bak\u0131mFlebolojik BandajlarGenel CerrahiLenfolojik BandajlarOksijen Terapi \u00dcr\u00fcnleriOrtopedik Al\u00e7\u0131larSolunum Devreleri\u00dcroloji Robo Seven Load more","og_url":"https:\/\/ukermedikal.com\/urunlerimiz\/oksijen-terapi-urunleri\/","og_site_name":"\u00dcKER Medikal \u00d6zel Sa\u011fl\u0131k Hizmetleri","article_modified_time":"2024-02-18T18:06:43+00:00","twitter_card":"summary_large_image","schema":{"@context":"https:\/\/schema.org","@graph":[{"@type":"WebPage","@id":"https:\/\/ukermedikal.com\/urunlerimiz\/oksijen-terapi-urunleri\/","url":"https:\/\/ukermedikal.com\/urunlerimiz\/oksijen-terapi-urunleri\/","name":"Oxygen Therapy - \u00dcKER Medikal \u00d6zel Sa\u011fl\u0131k Hizmetleri","isPartOf":{"@id":"https:\/\/ukermedikal.com\/#website"},"datePublished":"2024-01-29T20:48:48+00:00","dateModified":"2024-02-18T18:06:43+00:00","breadcrumb":{"@id":"https:\/\/ukermedikal.com\/urunlerimiz\/oksijen-terapi-urunleri\/#breadcrumb"},"inLanguage":"en-US","potentialAction":[{"@type":"ReadAction","target":["https:\/\/ukermedikal.com\/urunlerimiz\/oksijen-terapi-urunleri\/"]}]},{"@type":"BreadcrumbList","@id":"https:\/\/ukermedikal.com\/urunlerimiz\/oksijen-terapi-urunleri\/#breadcrumb","itemListElement":[{"@type":"ListItem","position":1,"name":"Anasayfa","item":"https:\/\/ukermedikal.com\/en\/"},{"@type":"ListItem","position":2,"name":"Products","item":"https:\/\/ukermedikal.com\/en\/products\/"},{"@type":"ListItem","position":3,"name":"Oxygen Therapy"}]},{"@type":"WebSite","@id":"https:\/\/ukermedikal.com\/#website","url":"https:\/\/ukermedikal.com\/","name":"\u00dcKER Medikal \u00d6zel Sa\u011fl\u0131k Hizmetleri","description":"International Medical Company","publisher":{"@id":"https:\/\/ukermedikal.com\/#organization"},"potentialAction":[{"@type":"SearchAction","target":{"@type":"EntryPoint","urlTemplate":"https:\/\/ukermedikal.com\/?s={search_term_string}"},"query-input":"required name=search_term_string"}],"inLanguage":"en-US"},{"@type":"Organization","@id":"https:\/\/ukermedikal.com\/#organization","name":"\u00dcKER Medikal \u00d6zel Sa\u011fl\u0131k Hizmetleri","url":"https:\/\/ukermedikal.com\/","logo":{"@type":"ImageObject","inLanguage":"en-US","@id":"https:\/\/ukermedikal.com\/#\/schema\/logo\/image\/","url":"https:\/\/ukermedikal.com\/wp-content\/uploads\/2024\/01\/uker-medikal-logo.png","contentUrl":"https:\/\/ukermedikal.com\/wp-content\/uploads\/2024\/01\/uker-medikal-logo.png","width":350,"height":100,"caption":"\u00dcKER Medikal \u00d6zel Sa\u011fl\u0131k Hizmetleri"},"image":{"@id":"https:\/\/ukermedikal.com\/#\/schema\/logo\/image\/"}}]}},"_links":{"self":[{"href":"https:\/\/ukermedikal.com\/en\/wp-json\/wp\/v2\/pages\/87806","targetHints":{"allow":["GET"]}}],"collection":[{"href":"https:\/\/ukermedikal.com\/en\/wp-json\/wp\/v2\/pages"}],"about":[{"href":"https:\/\/ukermedikal.com\/en\/wp-json\/wp\/v2\/types\/page"}],"author":[{"embeddable":true,"href":"https:\/\/ukermedikal.com\/en\/wp-json\/wp\/v2\/users\/1"}],"replies":[{"embeddable":true,"href":"https:\/\/ukermedikal.com\/en\/wp-json\/wp\/v2\/comments?post=87806"}],"version-history":[{"count":1,"href":"https:\/\/ukermedikal.com\/en\/wp-json\/wp\/v2\/pages\/87806\/revisions"}],"predecessor-version":[{"id":87807,"href":"https:\/\/ukermedikal.com\/en\/wp-json\/wp\/v2\/pages\/87806\/revisions\/87807"}],"up":[{"embeddable":true,"href":"https:\/\/ukermedikal.com\/en\/wp-json\/wp\/v2\/pages\/87740"}],"wp:attachment":[{"href":"https:\/\/ukermedikal.com\/en\/wp-json\/wp\/v2\/media?parent=87806"}],"curies":[{"name":"wp","href":"https:\/\/api.w.org\/{rel}","templated":true}]}}